{"id":40823,"date":"2024-01-31T20:06:12","date_gmt":"2024-01-31T19:06:12","guid":{"rendered":"https:\/\/bucketoflove.de\/?page_id=40823"},"modified":"2024-02-10T13:41:11","modified_gmt":"2024-02-10T12:41:11","slug":"faq","status":"publish","type":"page","link":"https:\/\/bucketoflove.de\/sl\/faq\/","title":{"rendered":"Pogosto zastavljena vpra\u0161anja"},"content":{"rendered":"<div class=\"container section-title-container\" ><h3 class=\"section-title section-title-normal\"><b><\/b><span class=\"section-title-main\" >Pogosto zastavljena vpra\u0161anja - faq<\/span><b><\/b><\/h3><\/div>\n\t<section class=\"section\" id=\"section_816095790\">\n\t\t<div class=\"bg section-bg fill bg-fill bg-loaded bg-loaded\" >\n\n\t\t\t\n\t\t\t\n\t\t\t\n\n\t\t<\/div>\n\n\t\t\n\n\t\t<div class=\"section-content relative\">\n\t\t\t\n<div class=\"accordion\">\n<div id=\"accordion-2076860269\" class=\"accordion-item\"><a id=\"accordion-2076860269-label\" href=\"#\" class=\"accordion-title plain\" aria-expanded=\"false\" aria-controls=\"accordion-2076860269-content\"><button class=\"toggle\" aria-label=\"Toggle\"><i class=\"icon-angle-down\"><\/i><\/button><span>Dostava<\/span><\/a><div id=\"accordion-2076860269-content\" class=\"accordion-inner\" aria-labelledby=\"accordion-2076860269-label\">\n<p><strong>Ali je mo\u017ena dostava v istem dnevu?<\/strong><\/p>\n<p>LJUBLJANA in okolica do 15 km \u2013 v kolikor naro\u010dite do 17.00 ure, je dostava mogo\u010da isti dan.<\/p>\n<p>GLAVNA \/ VE\u010cJA MESTA PO SLOVENIJI \u2013 v kolikor naro\u010dite do 10.00 ure, je naro\u010dilo DOSTAVLJENO po 16.30 uri.<\/p>\n<p>Preverite mo\u017enost dostave v \u017eeljeni kraj v istem dnevu (\u010de naro\u010dilo oddate do 10.00 ure) na spletni strani <a href=\"https:\/\/www.posta.si\/zasebno\" target=\"_blank\" rel=\"noopener\">posta.si<\/a>, zavihek Dostavni \u010dasi hitre po\u0161te \/ vpi\u0161ite kraj po\u0161iljanja: 1000 Ljubljana ter \u017eeljeni kraj za dostavo darila.<\/p>\n<p>MANJ\u0160A MESTA PO SLOVENIJI \u2013 dostava ni mogo\u010da v istem dnevu, razen klasi\u010dnih \u0161opkov po predhodnem telefonskem dogovoru.<\/p>\n<p><strong>Kolik\u0161en je stro\u0161ek dostave?<\/strong><\/p>\n<p>Vsa na\u0161a darila po\u0161ljemo s hitro kurirsko slu\u017ebo ali osebno. Stro\u0161ek dostave je 9,90 \u20ac.<\/p>\n<p><strong>Ali lahko dolo\u010dim \u010das dostave?<\/strong><\/p>\n<p>Na \u017ealost ne morete dolo\u010diti \u010dasa dostave, dostave potekajo med 8.00 in 19.00 uro, v \u010dasu praznikov oz. pove\u010danih naro\u010dil prosimo za potrpe\u017eljivost glede \u010dasa dostave. Prosimo, da nas za posebne \u017eelje glede \u010dase dostave po Ljubljani, kontaktirate vsaj en dan prej: +386 40 55 77 67 ali preko elektronske po\u0161te info@ninainvalentin.si.<\/p>\n<p><strong>Kaj se zgodi, \u010de je prejemnik v \u010dasu dostave odsoten?<\/strong><\/p>\n<p>V kolikor prejemnika v \u010dasu dostave ni doma, bo prejel obvestilo s podrobnostmi o tem, kako lahko darilo prevzame oz. se le to ponovno dostavi. Prejemnika v Ljubljani pred dostavo tudi pokli\u010demo in se z njim dogovorimo o ustreznem \u010dasu dostave.<\/p>\n<p><strong>Ali dostavljate v bolni\u0161nice in porodni\u0161nice?<\/strong><\/p>\n<p>Da, lahko dostavimo v bolni\u0161nice in porodni\u0161nice, vendar prosimo, da vnaprej preverite, ali bo bolni\u0161nica\/porodni\u0161nica omogo\u010dila dostavo sve\u017eega cvetja na oddelek.<\/p>\n<p><strong>Kako bo moje darilo dostavljeno?<\/strong><\/p>\n<p>Vsa darila so dostavljena v po meri izdelanih transportnih \u0161katlah. \u0160opek bo varno zapakiran skupaj z osebnim sporo\u010dilom, hranilom za cvetje in navodili za nego. Cvetje in darila dostavljena po Ljubljani in okolici so zavita v darilni papir in dostavljena v papirnati vre\u010dki.<\/p>\n<p><strong>Kako lahko preverim, ali je bilo moje naro\u010dilo dostavljeno?<\/strong><\/p>\n<p>V kolikor po\u0161ljemo Va\u0161e naro\u010dilo izven Ljubljane, mu lahko sledimo, ko ga skenirajo v dostavni po\u0161ti ali predajo mestnemu kurirju. Ko bo dostava opravljena, boste prejeli e-po\u0161to. V obdobjih velike zasedenosti oz. pove\u010danih naro\u010dil, prosimo za potrpe\u017eljivost glede obve\u0161\u010danja o opravljeni dostavi. Najhitreje boste prejeli povratno informacijo o dostavi od prejemnika darila.<\/p>\n<p><strong>Kako dolgo bo trajalo, da bo moje darilo dostavljeno?<\/strong><\/p>\n<p><em>V kolikor oddate naro\u010dilo do 14.00 ure, je dostava mogo\u010da naslednji dan v vse kraje po Sloveniji, brez izjem. Ob SOBOTAH je dostava mogo\u010da samo v Ljubljani, Celju, Mariboru, Murski Soboti, Novem mestu, Novi Gorici, Kranju in Kopru.<\/em><\/p>\n<p><em>Dostava ob NEDELJAH in PRAZNIKIH je v\u010dasih mogo\u010da\u00a0samo v Ljubljani\u00a0po predhodnem dogovoru (do petka do 17.00 ure).<\/em><\/p>\n<p><strong>Ali lahko uredite dostavo v tujino?<\/strong><\/p>\n<p>Sprejemamo naro\u010dila za dostavo daril in \u017ealnih aran\u017emajev za vse dr\u017eave sveta. Dostava je mo\u017ena v istem dnevu v kolikor oddate naro\u010dilo do 10.00 ure. Naro\u010dilo z navedbo: imena in priimka prejemnika (ali pokojnika), naslov, kontaktno telefonsko \u0161tevilko ter \u017eeljenim datumom dostave nam lahko posredujete na e-naslov:<strong> <a href=\"mailto:info@ninainvalentin.si\">info@ninainvalentin.si<\/a><\/strong>) in posredovali Vam bomo ponudbo.<\/p>\n<p>Ali imate posebno \u017eeljo? Sploh ni problema! Lahko nas pokli\u010dete na <strong><a href=\"tel:040557767\">040 55 77 67<\/a><\/strong>\u00a0ali<strong> <a href=\"mailto:info@ninainvalentin.si\">info@ninainvalentin.si<\/a><\/strong> in se bomo potrudili, da nekoga presenetite tudi na drugem koncu sveta.<\/p>\n<\/div><\/div>\n<div id=\"accordion-1940988019\" class=\"accordion-item\"><a id=\"accordion-1940988019-label\" href=\"#\" class=\"accordion-title plain\" aria-expanded=\"false\" aria-controls=\"accordion-1940988019-content\"><button class=\"toggle\" aria-label=\"Toggle\"><i class=\"icon-angle-down\"><\/i><\/button><span>Naro\u010danje<\/span><\/a><div id=\"accordion-1940988019-content\" class=\"accordion-inner\" aria-labelledby=\"accordion-1940988019-label\">\n<p><strong>Ali lahko izberem datum dostave?<\/strong><\/p>\n<p>Da, na spletu lahko naro\u010dite za kateri koli datum vnaprej. Ko ste v fazi nakupa, boste pri\u0161li do koledarja v katerem izberete datum dostave. Predhodna naro\u010dila bodo shranjena v na\u0161em ra\u010dunalni\u0161kem sistemu do zahtevanega datuma odpreme.<\/p>\n<p><strong>Ali lahko naro\u010dim iz tujine?<\/strong><\/p>\n<p>Da, preko spleta lahko naro\u010dite in pla\u010date z ve\u010dino kreditnih\/debetnih kartic z vsega sveta. Vsa pla\u010dila bodo v evrih in pretvorjena v va\u0161o valuto po te\u010daju, ki ga dolo\u010di banka, ki je izdala va\u0161o kartico.<\/p>\n<p><strong>Ali moram ustvariti uporabni\u0161ki ra\u010dun?<\/strong><\/p>\n<p>Ni potrebno. Imamo storitev \u00bbNakupuj kot gost\u00ab, kjer lahko oddate naro\u010dilo brez registracije. \u010ce \u017eelite shraniti naslove za dostavo in si ogledati zgodovino naro\u010dil ter bi radi bili dele\u017eni dolo\u010denih ugodnosti, boste morali ustvariti ra\u010dun.<\/p>\n<p><strong>Kako vem, da je bilo moje naro\u010dilo uspe\u0161no izvedeno?<\/strong><\/p>\n<p>V kolikor je bilo va\u0161e naro\u010dilo uspe\u0161no izvedeno, boste od Nina &amp; Valentin prejeli samodejno e-po\u0161tno sporo\u010dilo s \u0161tevilko va\u0161ega naro\u010dila in potrditvijo podrobnosti naro\u010dila.<\/p>\n<p><strong>Kako prekli\u010dem ali spremenim svoje naro\u010dilo?<\/strong><\/p>\n<p>\u010ce \u017eelite preklicati ali spremeniti naro\u010dilo, nas kontaktirajte v roku 1 ure po e-po\u0161ti ali telefonu. Na \u017ealost tega ne morete storiti prek svojega spletnega ra\u010duna.<\/p>\n<p><strong>Imam promocijsko kodo, kako jo uporabim?<\/strong><\/p>\n<p>Ko oddate naro\u010dilo in kliknete Nadaljuj, boste prispeli na stran &#8216;povzetek ko\u0161arice&#8217;, kjer lahko v polje za promocijsko kodo vnesete kodo in kliknete &#8216;uporabi kodo&#8217;. Stran se mora ponovno nalo\u017eiti in prikazati popust\/ponudbo v ko\u0161arici.<\/p>\n<p><strong>Ali lahko uporabim ve\u010d kot eno promocijsko kodo?<\/strong><\/p>\n<p>\u017dal ne. Lahko uporabite samo eno promocijsko kodo na naro\u010dilo.<\/p>\n<\/div><\/div>\n<div id=\"accordion-3577494363\" class=\"accordion-item\"><a id=\"accordion-3577494363-label\" href=\"#\" class=\"accordion-title plain\" aria-expanded=\"false\" aria-controls=\"accordion-3577494363-content\"><button class=\"toggle\" aria-label=\"Toggle\"><i class=\"icon-angle-down\"><\/i><\/button><span>Pla\u010dilo<\/span><\/a><div id=\"accordion-3577494363-content\" class=\"accordion-inner\" aria-labelledby=\"accordion-3577494363-label\">\n<p><strong>Katere kartice sprejemate?<\/strong><\/p>\n<p>Sprejemamo ve\u010dino kreditnih\/debetnih kartic z vsega sveta, vklju\u010dno z Visa, Visa Debit, Mastercard, Mastercard Debit, Visa Electron, American Express. Sprejemamo tudi pla\u010dilo preko PayPala.<\/p>\n<p><strong>Ali lahko pla\u010dam z Amexom?<\/strong><\/p>\n<p>Da, sprejemamo kartice American Express.<\/p>\n<p><strong>Ali lahko pla\u010dam s PayPal?<\/strong><\/p>\n<p>Da, sprejemamo pla\u010dilo preko PayPala. Preprosto pojdite na blagajno in za pla\u010dilo izberite mo\u017enost PayPal.<\/p>\n<p><strong>Imam tujo kartico, ali lahko \u0161e vedno naro\u010dim?<\/strong><\/p>\n<p>Da, prek spleta lahko naro\u010dite z ve\u010dino kreditnih\/debetnih kartic z vsega sveta. Vsa pla\u010dila bodo v evrih in pretvorjena v va\u0161o valuto po te\u010daju, ki ga dolo\u010di banka, ki je izdala va\u0161o kartico.<\/p>\n<p><strong>Je pla\u010dilo varno?<\/strong><\/p>\n<p>Vsa pla\u010dila so visoko \u0161ifrirana in jih podpira brskalnik uporabnika z uporabo 128-bitnega SSL. Za obdelavo spletnih pla\u010dil uporabljamo naslednja podjetja; Stripe in PayPal.<\/p>\n<\/div><\/div>\n<div id=\"accordion-1581136134\" class=\"accordion-item\"><a id=\"accordion-1581136134-label\" href=\"#\" class=\"accordion-title plain\" aria-expanded=\"false\" aria-controls=\"accordion-1581136134-content\"><button class=\"toggle\" aria-label=\"Toggle\"><i class=\"icon-angle-down\"><\/i><\/button><span>Sporo\u010dilo<\/span><\/a><div id=\"accordion-1581136134-content\" class=\"accordion-inner\" aria-labelledby=\"accordion-1581136134-label\">\n<p><strong>Ali lahko prilo\u017eim vo\u0161\u010dilo\/sporo\u010dilo\/so\u017ealnico?<\/strong><\/p>\n<p>Da, vsa naro\u010dila lahko vklju\u010dujejo osebno sporo\u010dilo in le to lahko vnesete ob postopku naro\u010dila. Va\u0161e sporo\u010dilo bo natisnjeno na standardni vo\u0161\u010dilnici Nina &amp; Valentin (1,90 \u20ac). Ne pozabite dopisati svojega imena pod sporo\u010dilom, saj le to ne bo samodejno vklju\u010deno.<\/p>\n<p><strong>Kako bo prilo\u017eeno vo\u0161\u010dilo?<\/strong><\/p>\n<p>Sporo\u010dilo bo varno in li\u010dno prilo\u017eeno \u0161opku ali darilu.<\/p>\n<p><strong>Je lahko moje sporo\u010dilo anonimno?<\/strong><\/p>\n<p>V kolikor v procesu nakupa izberete opcijo, da \u017eelite ostati anonimen, prejemniku ne bomo zaupali kdo je poslal darilo. Edina informacija, poslana z darilom, je osebno sporo\u010dilo, v kolikor ga prilo\u017eite. Prejemniku nikdar ne posredujemo nobenih drugih podatkov in ne po\u0161iljamo ra\u010duna ali potrdila. Zakon o varstvu podatkov nas zavezuje, da va\u0161ih osebnih podatkov ne bomo razkrili.<\/p>\n<p><strong>Kako dolgo je lahko moje vo\u0161\u010dilo\/sporo\u010dilo\/so\u017ealnico?<\/strong><\/p>\n<p>Osebno sporo\u010dilo ima lahko neomejeno znakov.<\/p>\n<\/div><\/div>\n<div id=\"accordion-2278081250\" class=\"accordion-item\"><a id=\"accordion-2278081250-label\" href=\"#\" class=\"accordion-title plain\" aria-expanded=\"false\" aria-controls=\"accordion-2278081250-content\"><button class=\"toggle\" aria-label=\"Toggle\"><i class=\"icon-angle-down\"><\/i><\/button><span>Kontaktiraj nas<\/span><\/a><div id=\"accordion-2278081250-content\" class=\"accordion-inner\" aria-labelledby=\"accordion-2278081250-label\">\n<p><strong>Kateri so va\u0161i kontaktni podatki?<\/strong><\/p>\n<p>Iz Slovenije nas lahko pokli\u010dete na 040 55 77 67. Izven Slovenije pokli\u010dite +386 40 55 77 67. Telefonske linije so odprte 08:00 &#8211; 17:00 UTC +1 \/ Srednjeevropski \u010das (CET) od ponedeljka do sobote. Ob nedeljah in praznikih smo zaprti.<\/p>\n<p><strong>Kak\u0161en je va\u0161 e-po\u0161tni naslov?<\/strong><\/p>\n<p>Na\u0161 elektronski naslov je info@ninainvalentin.si<\/p>\n<p><strong>Kje se nahajate?<\/strong><\/p>\n<p>Cvetli\u010darna Nina &amp; Valentine, Celov\u0161ka cesta 106, 1000 Ljubljana, Slovenija.<\/p>\n<\/div><\/div>\n<div id=\"accordion-2026731902\" class=\"accordion-item\"><a id=\"accordion-2026731902-label\" href=\"#\" class=\"accordion-title plain\" aria-expanded=\"false\" aria-controls=\"accordion-2026731902-content\"><button class=\"toggle\" aria-label=\"Toggle\"><i class=\"icon-angle-down\"><\/i><\/button><span>Storitve za stranke<\/span><\/a><div id=\"accordion-2026731902-content\" class=\"accordion-inner\" aria-labelledby=\"accordion-2026731902-label\">\n<p><strong>Rad bi se prito\u017eil oz. oddal reklamacijo.<\/strong><\/p>\n<p>Zelo se trudimo, da cvetje in darila odpo\u0161ljemo v najbolj\u0161em stanju. \u010ce ste kakorkoli razo\u010darani nad na\u0161o storitvijo, se obrnite na na\u0161o slu\u017ebo za pomo\u010d strankam po telefonu na +386 40 55 77 67 ali nam pi\u0161ite na info@ninainvalentin.si. Na vsa povpra\u0161evanja odgovorimo v istem delovnem dnevu, v \u010dasu pove\u010danega obsega naro\u010dil pa v treh delovnih dneh.<\/p>\n<p><strong>Ali me lahko izbri\u0161ete iz seznama po\u0161iljanja elektronske po\u0161te?<\/strong><\/p>\n<p>V kolikor \u017eelite, da vas odstranimo z na\u0161ega seznama, po\u0161ljite e-po\u0161to na info@ninainvalentin.si s to\u010dno navedbo elektronskega naslova, ki ga moramo izbrisati.<\/p>\n<\/div><\/div>\n<div id=\"accordion-3189620890\" class=\"accordion-item\"><a id=\"accordion-3189620890-label\" href=\"#\" class=\"accordion-title plain\" aria-expanded=\"false\" aria-controls=\"accordion-3189620890-content\"><button class=\"toggle\" aria-label=\"Toggle\"><i class=\"icon-angle-down\"><\/i><\/button><span>Podru\u017enice<\/span><\/a><div id=\"accordion-3189620890-content\" class=\"accordion-inner\" aria-labelledby=\"accordion-3189620890-label\">\n<p><strong>Ali imate partnersko shemo?<\/strong><\/p>\n<p>Da. Nudimo stopnjo provizije, ki se za\u010dne pri 8 % in sega do 10 %, odvisno od vi\u0161ine naro\u010dila, ki je narejen na va\u0161i spletni strani. Za ve\u010d informacij nam pi\u0161ite na info@ninainvalentin.si.<\/p>\n<\/div><\/div>\n<div id=\"accordion-1364031313\" class=\"accordion-item\"><a id=\"accordion-1364031313-label\" href=\"#\" class=\"accordion-title plain\" aria-expanded=\"false\" aria-controls=\"accordion-1364031313-content\"><button class=\"toggle\" aria-label=\"Toggle\"><i class=\"icon-angle-down\"><\/i><\/button><span>Poslovne storitve<\/span><\/a><div id=\"accordion-1364031313-content\" class=\"accordion-inner\" aria-labelledby=\"accordion-1364031313-label\">\n<p><strong>Ali nudite poslovne\/korporacijske ra\u010dune?<\/strong><\/p>\n<p>Da. Ponujamo vrsto razli\u010dnih storitev za podjetja in druge organizacije \u2013 od popustov za zaposlene\/\u010dlane ter \u017ealnih aran\u017emajev in daril za poslovne partnerje. Za ve\u010d informacij obi\u0161\u010dite https:\/\/bucketoflove.de\/en\/product-category\/occasions\/business-partners\/ , pi\u0161ite na info@ninainvalentin.si ali nas pokli\u010dite na +386 40 55 76.<\/p>\n<\/div><\/div>\n<div id=\"accordion-1205136981\" class=\"accordion-item\"><a id=\"accordion-1205136981-label\" href=\"#\" class=\"accordion-title plain\" aria-expanded=\"false\" aria-controls=\"accordion-1205136981-content\"><button class=\"toggle\" aria-label=\"Toggle\"><i class=\"icon-angle-down\"><\/i><\/button><span>Mese\u010dna cvetli\u010dna darila<\/span><\/a><div id=\"accordion-1205136981-content\" class=\"accordion-inner\" aria-labelledby=\"accordion-1205136981-label\">\n<p><strong>Kdaj bo dostavljen moj naslednji \u0161opek?<\/strong><\/p>\n<p>Za ogled vseh preteklih in prihodnjih naro\u010dil se preprosto prijavite v svoj spletni ra\u010dun in kliknite \u00bbZgodovina naro\u010dil\u00ab.<\/p>\n<p><strong>Ali lahko spremenim podrobnosti enega od svojih naro\u010dil?<\/strong><\/p>\n<p>V kolikor \u017eelite spremeniti sporo\u010dilo pri bodo\u010dih dostavah ali spremeniti datum dostave, nas pokli\u010dite na +386 40 55 77 67 ali pi\u0161ite na info@ninainvalentin.si.<\/p>\n<p><strong>Kdaj je potrebno pla\u010dati za posamezen \u0161opek?<\/strong><\/p>\n<p>Pla\u010dilo bo izvedeno 4 delovne dni pred dostavo naslednjega \u0161opka.<\/p>\n<p><strong>Ali bom obve\u0161\u010den, ko bo pla\u010dilo izvr\u0161eno?<\/strong><\/p>\n<p>Da, po prejemu pla\u010dila vam bomo poslali potrditveno e-po\u0161tno sporo\u010dilo.<\/p>\n<p><strong>Ali lahko svojim mese\u010dnim dostavam dodam dodatna darila?<\/strong><\/p>\n<p>Seveda.<\/p>\n<p><strong>Ali je mogo\u010de promocijske kode uporabiti za mese\u010dno dostavo \u0161opkov?<\/strong><\/p>\n<p>Ker so na\u0161e mese\u010dne naro\u010dnine \u017ee zni\u017eane, promocijskih kod za popust ni mogo\u010de uporabiti.<\/p>\n<p><strong>Ali lahko unov\u010dim Rosy to\u010dke za mese\u010dna naro\u010dila?<\/strong><\/p>\n<p>Na \u017ealost to\u010dk Rosy ni mogo\u010de unov\u010diti na mese\u010dne naro\u010dnine, vendar boste z vsakim pla\u010dilom pridobili ve\u010d Rosy to\u010dk.<\/p>\n<p><strong>Kdaj bodo Rosy Points dodane mojemu ra\u010dunu?<\/strong><\/p>\n<p>Va\u0161e Rosy to\u010dke bodo dodane, ko bo izvr\u0161eno pla\u010dilo za vsak \u0161opek.<\/p>\n<p><strong>Ali lahko podalj\u0161am naro\u010dnino?<\/strong><\/p>\n<p>Da, ko bo va\u0161e zadnje pla\u010dilo izvr\u0161eno, boste prejeli e-po\u0161tno sporo\u010dilo z mo\u017enostjo obnovitve mese\u010dnih naro\u010dil.<\/p>\n<p><strong>Ali lahko prekli\u010dem mese\u010dno naro\u010dnino?<\/strong><\/p>\n<p>Seveda. Preprosto nas kontaktirajte 5 delovnih dni pred po\u0161iljanjem cvetja.<\/p>\n<\/div><\/div>\n<div id=\"accordion-362957650\" class=\"accordion-item\"><a id=\"accordion-362957650-label\" href=\"#\" class=\"accordion-title plain\" aria-expanded=\"false\" aria-controls=\"accordion-362957650-content\"><button class=\"toggle\" aria-label=\"Toggle\"><i class=\"icon-angle-down\"><\/i><\/button><span>Darilni paketi<\/span><\/a><div id=\"accordion-362957650-content\" class=\"accordion-inner\" aria-labelledby=\"accordion-362957650-label\">\n<p><strong>V kak\u0161ni embala\u017ei so dostavljeni darilni paketi?<\/strong><\/p>\n<p>Vsi na\u0161i darilni paketi so zapakirani ro\u010dno v darilne \u0161katle vrhunske kvalitete. Darilno \u0161katlo ustrezno za\u0161\u010ditimo in po\u0161ljemo v transportni \u0161katli. prevozom.<\/p>\n<p><strong>Ali je darilni paket mo\u017eno dostaviti kamorkoli?<\/strong><\/p>\n<p>Da.<\/p>\n<p><strong>Ali lahko zamenjam izdelke v darilnem paketu?<\/strong><\/p>\n<p>Ne, izdelkov v darilnem paketu \u017eal ne moremo menjati.<\/p>\n<p><strong>Ali lahko darilnemu paketu prilo\u017eim vo\u0161\u010dilo?<\/strong><\/p>\n<p>Seveda, v postopku nakupa vnesete sporo\u010dilo, ki bo natisnjeno na kartic0 in prilo\u017eeno darilnemu paketu.<\/p>\n<p><strong>Ali je mogo\u010de promocijske kode koristiti na darilnih paketih?<\/strong><\/p>\n<p>Da, ve\u010dina promocijskih kod velja za darilne pakete. Nekatere kode pa veljajo samo za cvetje in lon\u010dnice.<\/p>\n<p><strong>Ali lahko koristim svoje Rosy to\u010dke za darilne pakete?<\/strong><\/p>\n<p>Da, Rosy to\u010dke lahko izkoristite za darilne pakete.<\/p>\n<\/div><\/div>\n<div id=\"accordion-2144352562\" class=\"accordion-item\"><a id=\"accordion-2144352562-label\" href=\"#\" class=\"accordion-title plain\" aria-expanded=\"false\" aria-controls=\"accordion-2144352562-content\"><button class=\"toggle\" aria-label=\"Toggle\"><i class=\"icon-angle-down\"><\/i><\/button><span>Na\u0161e cvetje<\/span><\/a><div id=\"accordion-2144352562-content\" class=\"accordion-inner\" aria-labelledby=\"accordion-2144352562-label\">\n<p><strong>Zakaj so cvetovi ob dostavi \u0161e vedno zaprti?<\/strong><\/p>\n<p>Zaradi za\u0161\u010dite cvetja pred po\u0161kodbami med transportom. To je prednost za prejemnika, saj bo prejel sve\u017ee cvetje in bo lahko v njem u\u017eival veliko dlje.<\/p>\n<p><strong>Kako je cvetje za\u0161\u010diteno med prevozom?<\/strong><\/p>\n<p>Vsi na\u0161i aran\u017emaji so poslani v posebej oblikovanih \u0161katlah, v razli\u010dnih velikostih, ki ustrezajo vsakemu \u0161opku. Te \u0161katle zagotavljajo, da je cvetje med prevozom za\u0161\u010diteno in se ne bo moglo premikati, kar lahko povzro\u010di \u0161kodo.<\/p>\n<\/div><\/div>\n<\/div>\n\t\t<\/div>\n\n\t\t\n<style>\n#section_816095790 {\n  padding-top: 30px;\n  padding-bottom: 30px;\n}\n#section_816095790 .ux-shape-divider--top svg {\n  height: 150px;\n  --divider-top-width: 100%;\n}\n#section_816095790 .ux-shape-divider--bottom svg {\n  height: 150px;\n  --divider-width: 100%;\n}\n<\/style>\n\t<\/section>\n\t\n","protected":false},"excerpt":{"rendered":"","protected":false},"author":1824,"featured_media":0,"parent":0,"menu_order":0,"comment_status":"closed","ping_status":"closed","template":"","meta":[],"_links":{"self":[{"href":"https:\/\/bucketoflove.de\/sl\/wp-json\/wp\/v2\/pages\/40823"}],"collection":[{"href":"https:\/\/bucketoflove.de\/sl\/wp-json\/wp\/v2\/pages"}],"about":[{"href":"https:\/\/bucketoflove.de\/sl\/wp-json\/wp\/v2\/types\/page"}],"author":[{"embeddable":true,"href":"https:\/\/bucketoflove.de\/sl\/wp-json\/wp\/v2\/users\/1824"}],"replies":[{"embeddable":true,"href":"https:\/\/bucketoflove.de\/sl\/wp-json\/wp\/v2\/comments?post=40823"}],"version-history":[{"count":4,"href":"https:\/\/bucketoflove.de\/sl\/wp-json\/wp\/v2\/pages\/40823\/revisions"}],"predecessor-version":[{"id":41032,"href":"https:\/\/bucketoflove.de\/sl\/wp-json\/wp\/v2\/pages\/40823\/revisions\/41032"}],"wp:attachment":[{"href":"https:\/\/bucketoflove.de\/sl\/wp-json\/wp\/v2\/media?parent=40823"}],"curies":[{"name":"wp","href":"https:\/\/api.w.org\/{rel}","templated":true}]}}