{"id":6295,"date":"2017-10-11T06:37:28","date_gmt":"2017-10-11T05:37:28","guid":{"rendered":"https:\/\/bucketoflove.rs\/?page_id=6295"},"modified":"2017-10-11T06:38:56","modified_gmt":"2017-10-11T05:38:56","slug":"nina-valentin","status":"publish","type":"page","link":"https:\/\/bucketoflove.de\/sl\/nina-valentin\/","title":{"rendered":"Nina &#038; Valentin"},"content":{"rendered":"<p><b>Spletna cvetli\u010darna in zakladnica daril Nina in Valentin <\/b><span style=\"font-weight: 400;\">od same ustanovitve leta 2010, skupaj z va\u0161o pomo\u010djo <\/span><b>vsak dan po\u0161ilja sporo\u010dila in zbli\u017euje ljudi s cvetjem in vrhunskimi darili.<\/b><\/p>\n<p><span style=\"font-weight: 400;\">Na\u0161e poslanstvo je <\/span><b>po\u0161iljanje sporo\u010dil zahvale in ljubezni, ustvarjanje bli\u017eine med ljudmi, ki nam zaupajo,<\/b><span style=\"font-weight: 400;\"> da bomo dostavili izbrana darila z vso skrbnostjo in pravo\u010dasno. Vsak dan spremenimo v posebno prilo\u017enost. V kolikor \u017eelite poslati \u0161opek ali darilo za zahvalo, sporo\u010diti \u00bbRad te imam\u00ab, \u00bbVse najbolj\u0161e\u00ab ali preprosto \u00bbMislim nate\u00ab, lahko vedno ra\u010dunate na nas.<\/span><\/p>\n<p><span style=\"font-weight: 400;\">Imamo <\/span><b>samo en cilj<\/b><span style=\"font-weight: 400;\"> in sicer: <\/span><b>Deliti sre\u010do skupaj z vami<\/b><span style=\"font-weight: 400;\"> in vam pomagati izbrati primerno darilo za va\u0161e najdra\u017eje, zato tudi <\/span><b>sodelujemo s cvetli\u010darji v ve\u010d kot 185 dr\u017eavah<\/b><span style=\"font-weight: 400;\">, kar nam omogo\u010da, da za vas uspe\u0161no in v kratkem \u010dasu <\/span><b>uredimo dostavo cvetja<\/b><span style=\"font-weight: 400;\"> in daril v katerikoli dr\u017eavi sveta . <\/span><\/p>\n<p style=\"text-align: left;\"><b>Obdarovanje <\/b><span style=\"font-weight: 400;\">mora biti zabavno, veselo in enostavno! Verjamemo, da dajanje daril <\/span><b>ustvarja sre\u010do in povezuje ljudi<\/b><span style=\"font-weight: 400;\">. \u017delimo pomagati pri ustvarjanju bolj veselih trenutkov kjerkoli se \u017ee nahajajo va\u0161i najdra\u017eji in poslovni partnerji!<\/span><\/p>\n","protected":false},"excerpt":{"rendered":"<p>Spletna cvetli\u010darna in zakladnica daril Nina in Valentin od same ustanovitve leta 2010, skupaj z va\u0161o pomo\u010djo vsak dan po\u0161ilja sporo\u010dila in zbli\u017euje ljudi s cvetjem in vrhunskimi darili. Na\u0161e poslanstvo je po\u0161iljanje sporo\u010dil zahvale in ljubezni, ustvarjanje bli\u017eine med ljudmi, ki nam zaupajo, da bomo dostavili izbrana darila z vso skrbnostjo in pravo\u010dasno. Vsak [&#8230;]\n","protected":false},"author":12,"featured_media":0,"parent":0,"menu_order":0,"comment_status":"closed","ping_status":"closed","template":"","meta":[],"_links":{"self":[{"href":"https:\/\/bucketoflove.de\/sl\/wp-json\/wp\/v2\/pages\/6295"}],"collection":[{"href":"https:\/\/bucketoflove.de\/sl\/wp-json\/wp\/v2\/pages"}],"about":[{"href":"https:\/\/bucketoflove.de\/sl\/wp-json\/wp\/v2\/types\/page"}],"author":[{"embeddable":true,"href":"https:\/\/bucketoflove.de\/sl\/wp-json\/wp\/v2\/users\/12"}],"replies":[{"embeddable":true,"href":"https:\/\/bucketoflove.de\/sl\/wp-json\/wp\/v2\/comments?post=6295"}],"version-history":[{"count":2,"href":"https:\/\/bucketoflove.de\/sl\/wp-json\/wp\/v2\/pages\/6295\/revisions"}],"predecessor-version":[{"id":6302,"href":"https:\/\/bucketoflove.de\/sl\/wp-json\/wp\/v2\/pages\/6295\/revisions\/6302"}],"wp:attachment":[{"href":"https:\/\/bucketoflove.de\/sl\/wp-json\/wp\/v2\/media?parent=6295"}],"curies":[{"name":"wp","href":"https:\/\/api.w.org\/{rel}","templated":true}]}}