{"id":10195,"date":"2019-02-10T10:35:13","date_gmt":"2019-02-10T09:35:13","guid":{"rendered":"https:\/\/bucketoflove.de\/?post_type=product&#038;p=10195"},"modified":"2024-03-03T17:44:21","modified_gmt":"2024-03-03T16:44:21","slug":"shape-love-vecne-vrtnice","status":"publish","type":"product","link":"https:\/\/bucketoflove.de\/sl\/izdelek\/shape-love-vecne-vrtnice\/","title":{"rendered":"Shape of Love (ve\u010dne vrtnice)"},"content":{"rendered":"<div class=\"accordion\">\n<div class=\"accordion\"><\/div>\n<div id=\"item-1\" class=\"accordion-item\"><a id=\"item-1-label\" href=\"#\" class=\"accordion-title plain\" aria-expanded=\"false\" aria-controls=\"item-1-content\"><button class=\"toggle\" aria-label=\"Toggle\"><i class=\"icon-angle-down\"><\/i><\/button><span>DODATNE INFORMACIJE<\/span><\/a><div id=\"item-1-content\" class=\"accordion-inner\" aria-labelledby=\"item-1-label\">\n<ul>\n<li>Vedno izbiramo med sve\u017eim cvetjem, ki je na voljo, zato lahko barve in vrste cvetja odstopajo od fotografije izbranega \u0161opka.<\/li>\n<li>Da bi zagotovili trajno lepoto, lahko nekatero cvetje prispe z zaprtimi cvetovi, vendar se bodo v naslednjih dneh popolnoma odprli.<\/li>\n<\/ul>\n<p><em>Opombe: ob nakupu se strinjate, da lahko cvetli\u010dar uporabi tudi drug odtenek cvetja in drugo barvo \u0161katle, \u010de ni na zalogi cvetja ali \u0161katle kot na objavljeni sliki.<\/em>.<\/p>\n<\/div><\/div>\n<div id=\"item-2\" class=\"accordion-item\"><a id=\"item-2-label\" href=\"#\" class=\"accordion-title plain\" aria-expanded=\"false\" aria-controls=\"item-2-content\"><button class=\"toggle\" aria-label=\"Toggle\"><i class=\"icon-angle-down\"><\/i><\/button><span>INFORMACIJE O MO\u017dNOSTIH DOSTAVE<\/span><\/a><div id=\"item-2-content\" class=\"accordion-inner\" aria-labelledby=\"item-2-label\">\n<p><strong style=\"text-decoration: underline;\">DOSTAVA CVETJA V ISTEM DNEVU<\/strong><\/p>\n<p>LJUBLJANA in okolica do 15 km \u2013 v kolikor naro\u010dite do 17.00 ure, je dostava mogo\u010da isti dan.<\/p>\n<p>GLAVNA \/ VE\u010cJA MESTA PO SLOVENIJI \u2013 v kolikor naro\u010dite do 10.00 ure, je naro\u010dilo DOSTAVLJENO po 16.30 uri.<\/p>\n<p>Preverite mo\u017enost dostave v \u017eeljeni kraj v istem dnevu (\u010de naro\u010dilo oddate do 10.00 ure) na spletni strani <a style=\"text-decoration: underline;\" href=\"https:\/\/www.posta.si\/zasebno\" target=\"_blank\" rel=\"noopener\">posta.si<\/a>, zavihek Dostavni \u010dasi hitre po\u0161te \/ vpi\u0161ite kraj po\u0161iljanja: 1000 Ljubljana ter \u017eeljeni kraj za dostavo darila.<\/p>\n<p>MANJ\u0160A MESTA PO SLOVENIJI \u2013 dostava ni mogo\u010da v istem dnevu, razen klasi\u010dnih \u0161opkov po predhodnem telefonskem dogovoru.<\/p>\n<p><strong style=\"text-decoration: underline;\">NASLEDNJI DAN PO ODDAJI NARO\u010cILA<\/strong><\/p>\n<p>V kolikor oddate naro\u010dilo do 14.00 ure, je dostava mogo\u010da v vse kraje po Sloveniji, brez izjem.<\/p>\n<p><strong style=\"text-decoration: underline;\">OB NEDELJAH IN PRAZNIKIH<\/strong><\/p>\n<p>Je v\u010dasih mogo\u010da <a style=\"text-decoration: underline;\">samo v Ljubljani<\/a> po predhodnem dogovoru (do petka do 18.00 ure).<\/p>\n<p><strong style=\"text-decoration: underline;\">TUJINA<\/strong><\/p>\n<p>Sprejemamo naro\u010dila za dostavo daril in \u017ealnih aran\u017emajev za <a style=\"text-decoration: underline;\">vse dr\u017eave sveta<\/a>. Dostava je mo\u017ena v istem dnevu v kolikor oddate naro\u010dilo do 10.00 ure. Naro\u010dilo z navedbo: imena in priimka prejemnika (ali pokojnika), naslov, kontaktno telefonsko \u0161tevilko ter \u017eeljenim datumom dostave nam lahko posredujete na e-naslov: <a style=\"text-decoration: underline;\" href=\"mailto:info@ninainvalentin.si\">info@ninainvalentin.si<\/a>) in posredovali Vam bomo ponudbo.<\/p>\n<p><strong style=\"text-decoration: underline;\">SPREMLJANJE DOSTAVE PREKO HITRE PO\u0160TE SLOVENIJE<\/strong><\/p>\n<p>Informacije o statusu paketa Vam lahko posredujemo v kolikor nas kontaktirate na e-naslov: <a style=\"text-decoration: underline;\" href=\"mailto:info@ninainvalentin.si\">info@ninainvalentin.si<\/a>.<\/p>\n<p>Na e-naslov boste vedno prejeli informacijo o vro\u010denem naro\u010dilu.<\/p>\n<p><strong style=\"text-decoration: underline;\">STRO\u0160EK DOSTAVE<\/strong><\/p>\n<p>Hitra po\u0161ta Slovenije, Tine express ali lastna dostavna slu\u017eba \u2013 9,90 \u20ac<\/p>\n<p>Mednarodna dostava \u2013 med 15,00 \u20ac in 19,00 \u20ac<\/p>\n<p>PLA\u010cILO je mo\u017eno ob koncu nakupa preko: PayPal (<a style=\"text-decoration: underline;\" href=\"mailto:info@bucketoflove.eu\">info@bucketoflove.eu<\/a>), direktne ban\u010dne transakcije in s pla\u010dilnimi karticami preko varnega vmesnika Stripe.<\/p>\n<p>.<\/div><\/div>\n<div id=\"item-3\" class=\"accordion-item\"><a id=\"item-3-label\" href=\"#\" class=\"accordion-title plain\" aria-expanded=\"false\" aria-controls=\"item-3-content\"><button class=\"toggle\" aria-label=\"Toggle\"><i class=\"icon-angle-down\"><\/i><\/button><span>NAVODILA ZA NEGO<\/span><\/a><div id=\"item-3-content\" class=\"accordion-inner\" aria-labelledby=\"item-3-label\">\n<ul>\n<li>Vrtnic ne odstranite iz \u0161katle.<\/li>\n<li>Ne zalivajte<\/li>\n<li>Aran\u017ema naj ne bo izpostavljen direktni son\u010dni svetlobi, delujo\u010dim grelnim in klimatskim napravam, ker lahko barva vrtnic zbledi.<\/li>\n<li>Vrtnice so ob\u010dutljive, zato z njimi ravnajte ne\u017eno.<\/li>\n<\/ul>\n<\/div><\/div>\n<div id=\"item-4\" class=\"accordion-item\"><a id=\"item-4-label\" href=\"#\" class=\"accordion-title plain\" aria-expanded=\"false\" aria-controls=\"item-4-content\"><button class=\"toggle\" aria-label=\"Toggle\"><i class=\"icon-angle-down\"><\/i><\/button><span>VRA\u010cILA IN MENJAVE<\/span><\/a><div id=\"item-4-content\" class=\"accordion-inner\" aria-labelledby=\"item-4-label\">\n<p>Naredimo vse, kar je v na\u0161i mo\u010di, da zagotovimo dostavo izbranega izdelka takrat ko \u017eelite in tak\u0161nega kot je na sliki, vendar je v\u010dasih zaradi nerazpolo\u017eljivosti cvetja\/daril tudi pri dobavitelju,le to potrebno zamenjati. Vedite, da namenjamo vso pozornost temu, da zagotovimo darilo, ki je \u010dimbolj podobno naro\u010denemu in da je pravo\u010dasno dostavljeno.<\/p>\n<p>Prosimo, da aran\u017ema in naslov dostavo skrbno izberite, saj vra\u010dila in menjave ne bodo mogo\u010de, ker so vsi cvetli\u010dni izdelki narejeni po naro\u010dilu.<\/p>\n<p>.<\/div><\/div>\n<div id=\"item-5\" class=\"accordion-item\"><a id=\"item-5-label\" href=\"#\" class=\"accordion-title plain\" aria-expanded=\"false\" aria-controls=\"item-5-content\"><button class=\"toggle\" aria-label=\"Toggle\"><i class=\"icon-angle-down\"><\/i><\/button><span>DOSTAVA CVETJA V TUJINO<\/span><\/a><div id=\"item-5-content\" class=\"accordion-inner\" aria-labelledby=\"item-5-label\">\n<p>Ve\u010d kot 12 let izku\u0161enj in sodelovanje z ve\u010d kot 54.000 cvetli\u010darji iz vsega sveta nam omogo\u010da, da za vas uspe\u0161no in v kratkem \u010dasu uredimo dostavo cvetja v katerikoli dr\u017eavi sveta. Z lokalnimi cvetli\u010darji uredimo dostavo cvetja kjerkoli si za\u017eelite. Naj bo to rojstni dan v Ameriki, poro\u010dno slavje v Angliji, so\u017ealno cvetje za nekoga na Kitajskem,&#8230; Nina in Valentin zagotavljata da bo va\u0161e naro\u010dilo prispelo na \u017eeljeni naslov. Lokalni cvetli\u010darji dostavijo va\u0161e naro\u010dilo z ob\u010dutkom in nasmehom!<\/p>\n<p>Ali imate posebno \u017eeljo? Sploh ni problema! Lahko nas pokli\u010dete na <a style=\"text-decoration: underline;\" href=\"tel:040557767\">040 55 77 67<\/a>\u00a0ali <a style=\"text-decoration: underline;\" href=\"mailto:info@ninainvalentin.si\">info@ninainvalentin.si<\/a> in se bomo potrudili, da nekoga presenetite tudi na drugem koncu sveta.<\/p>\n<p>.<\/div><\/div>\n<div id=\"item-6\" class=\"accordion-item\"><a id=\"item-6-label\" href=\"#\" class=\"accordion-title plain\" aria-expanded=\"false\" aria-controls=\"item-6-content\"><button class=\"toggle\" aria-label=\"Toggle\"><i class=\"icon-angle-down\"><\/i><\/button><span>TABELA VELIKOSTI<\/span><\/a><div id=\"item-6-content\" class=\"accordion-inner\" aria-labelledby=\"item-6-label\">\n<p><img decoding=\"async\" loading=\"lazy\" class=\"alignnone size-medium wp-image-5411\" src=\"https:\/\/bucketoflove.de\/wp-content\/uploads\/2022\/09\/GLAMOUR-760x920-eng.png\" alt=\"\" width=\"760\" height=\"920\" \/><\/p>\n<p>.<\/div><\/div>\n<\/div>\n","protected":false},"excerpt":{"rendered":"<p>Cvetje je vedno v modi \u2013 \u0161e posebej na\u0161i \u010dudoviti aran\u017emaji Bucket of Love iz naravnih trajnih vrtnic, ki bodo razveselili vam drago osebo.<\/p>\n<p>Izbirajte med razli\u010dnimi oblikami, barvami in velikostmi \u00bbflowerbox\u00ab \u0161katel, vrhunske kvalitete ter pustite nepozaben vtis.<\/p>\n","protected":false},"featured_media":10166,"template":"","meta":[],"product_cat":[298,461,400,402,378,301,136,160,338,157],"product_tag":[],"_links":{"self":[{"href":"https:\/\/bucketoflove.de\/sl\/wp-json\/wp\/v2\/product\/10195"}],"collection":[{"href":"https:\/\/bucketoflove.de\/sl\/wp-json\/wp\/v2\/product"}],"about":[{"href":"https:\/\/bucketoflove.de\/sl\/wp-json\/wp\/v2\/types\/product"}],"wp:featuredmedia":[{"embeddable":true,"href":"https:\/\/bucketoflove.de\/sl\/wp-json\/wp\/v2\/media\/10166"}],"wp:attachment":[{"href":"https:\/\/bucketoflove.de\/sl\/wp-json\/wp\/v2\/media?parent=10195"}],"wp:term":[{"taxonomy":"product_cat","embeddable":true,"href":"https:\/\/bucketoflove.de\/sl\/wp-json\/wp\/v2\/product_cat?post=10195"},{"taxonomy":"product_tag","embeddable":true,"href":"https:\/\/bucketoflove.de\/sl\/wp-json\/wp\/v2\/product_tag?post=10195"}],"curies":[{"name":"wp","href":"https:\/\/api.w.org\/{rel}","templated":true}]}}