{"id":15887,"date":"2019-11-10T13:44:10","date_gmt":"2019-11-10T12:44:10","guid":{"rendered":"https:\/\/bucketoflove.de\/?post_type=product&#038;p=15887"},"modified":"2023-09-17T14:14:57","modified_gmt":"2023-09-17T13:14:57","slug":"oreo-darilni-paket","status":"publish","type":"product","link":"https:\/\/bucketoflove.de\/sl\/izdelek\/oreo-darilni-paket\/","title":{"rendered":"OREO darilni paket"},"content":{"rendered":"<h3>Ve\u010dina verjame, podatki pa temu kimajo, da so to najbolje prodajani pi\u0161koti v vsej zgodovini \u010dlove\u0161tva.<\/h3>\n<h3>Naprodaj v ve\u010d kot sto svetovnih dr\u017eavah<\/h3>\n<p>Oreo, na videz \u010dudni \u010drni pi\u0161kot z belo sredico, se je rodil istega leta, kot je potonil Titanik, kar pomeni, da letos praznuje 105. rojstni dan. Do dana\u0161njega dne pa so jih prodali ve\u010d kot 500 milijard. Ni\u010d \u010dudnega: ob stoletnici, ko so zbirali zanimive podatke o tem kosu ameri\u0161ke pravzaprav \u017ee kar popularne kulture, so ugotovili, da je naprodaj v ve\u010d kot sto svetovnih dr\u017eavah. To lahko samo potrdim \u2013 preden sem jih prvi\u010d videla v Sloveniji, kamor so za\u0161li dokaj pozno, so mi pogosto re\u0161evali ko\u017eo na potovanjih, v neverjetno odmaknjenih krajih. Po pravici povedano, vedno so bili v mojem nahrbtniku in so tako v moji dru\u017eini postali znani pot \u00bbpotovalni pi\u0161koti\u00ab; kadar kje ni bilo hrane ali je bila videti, kot da bo s seboj prinesla hude probleme \u2013 lop po pi\u0161kotih.<\/p>\n<h3>Brez sestavin \u017eivalskega izvora<\/h3>\n<p>Menda kar priljubljen med vegani, med drugim zato, ker je veganstvo prehranjevalna smer, ki je v vzponu, v tem pi\u0161kotu pa ni niti ene same \u017eivalske komponente.<\/p>\n<div class=\"teads-adCall\"><\/div>\n<h3>Baha se z 2,3 milijoni sledilcev na instagramu<\/h3>\n<p>Je pa oreo tudi marketin\u0161ki fenomen, kajti ekipa, ki zanj skrbi na podro\u010dju dru\u017eabnih medijev, je postavila nekaj pomembnih mejnikov, ki jih \u0161tudentje ogla\u0161evanja verjetno podrobno prou\u010dujejo; na instagramu ima oreo 2,3 milijona sledilcev (sam pa sledi devetim \u2013 ljudem, ne milijonom). Pred leti se je vpisal tudi v knjigo rekordov; ena njihovih objav je leta 2011 v enem dnevu dobila skoraj 115.000 v\u0161e\u010dkov.<\/p>\n<h3>Prodanih \u017ee toliko pi\u0161kotov, da bi po njih lahko \u0161estnajstkrat splezali na Luno<\/h3>\n<p>Pa \u0161e priljubljene primerjave z znanimi razdaljami: \u010de bi drug na drugega nalo\u017eili pi\u0161kote, ki jih prodajo v samo enem dnevu, bi dobili skoraj 140 naklad, visokih kot najvi\u0161ja gora na svetu. Kaj pa Luna? V sto letih so jih prodali toliko, da bi po njih, znova nalo\u017eenih drug na drugega, lahko \u0161estnajstkrat splezali nanjo.<\/p>\n","protected":false},"excerpt":{"rendered":"<p>Polna \u0161katla razli\u010dnih OREO sladkih dobrot.<\/p>\n<p>Izbirate lahko med razli\u010dnimi velikostmi.<\/p>\n<p>&nbsp;<\/p>\n<p>&nbsp;<\/p>\n","protected":false},"featured_media":15847,"template":"","meta":[],"product_cat":[301,68,75],"product_tag":[],"_links":{"self":[{"href":"https:\/\/bucketoflove.de\/sl\/wp-json\/wp\/v2\/product\/15887"}],"collection":[{"href":"https:\/\/bucketoflove.de\/sl\/wp-json\/wp\/v2\/product"}],"about":[{"href":"https:\/\/bucketoflove.de\/sl\/wp-json\/wp\/v2\/types\/product"}],"wp:featuredmedia":[{"embeddable":true,"href":"https:\/\/bucketoflove.de\/sl\/wp-json\/wp\/v2\/media\/15847"}],"wp:attachment":[{"href":"https:\/\/bucketoflove.de\/sl\/wp-json\/wp\/v2\/media?parent=15887"}],"wp:term":[{"taxonomy":"product_cat","embeddable":true,"href":"https:\/\/bucketoflove.de\/sl\/wp-json\/wp\/v2\/product_cat?post=15887"},{"taxonomy":"product_tag","embeddable":true,"href":"https:\/\/bucketoflove.de\/sl\/wp-json\/wp\/v2\/product_tag?post=15887"}],"curies":[{"name":"wp","href":"https:\/\/api.w.org\/{rel}","templated":true}]}}