{"id":35529,"date":"2022-09-25T20:31:57","date_gmt":"2022-09-25T19:31:57","guid":{"rendered":"https:\/\/bucketoflove.de\/?post_type=product&#038;p=35529"},"modified":"2023-09-16T20:15:00","modified_gmt":"2023-09-16T19:15:00","slug":"wow-vecne-vrtnice","status":"publish","type":"product","link":"https:\/\/bucketoflove.de\/sl\/izdelek\/wow-vecne-vrtnice\/","title":{"rendered":"WOW (ve\u010dne vrtnice)"},"content":{"rendered":"","protected":false},"excerpt":{"rendered":"<p>Cvetje je vedno v modi \u2013 \u0161e posebej na\u0161i \u010dudoviti aran\u017emaji Bucket of Love iz naravnih trajnih vrtnic, ki bodo razveselili vam drago osebo.<\/p>\n<p>Izbirajte med razli\u010dnimi oblikami, barvami in velikostmi \u00bbflowerbox\u00ab \u0161katel, vrhunske kvalitete ter pustite nepozaben vtis.<\/p>\n","protected":false},"featured_media":34423,"template":"","meta":[],"product_cat":[462,467,136,160,337],"product_tag":[],"_links":{"self":[{"href":"https:\/\/bucketoflove.de\/sl\/wp-json\/wp\/v2\/product\/35529"}],"collection":[{"href":"https:\/\/bucketoflove.de\/sl\/wp-json\/wp\/v2\/product"}],"about":[{"href":"https:\/\/bucketoflove.de\/sl\/wp-json\/wp\/v2\/types\/product"}],"wp:featuredmedia":[{"embeddable":true,"href":"https:\/\/bucketoflove.de\/sl\/wp-json\/wp\/v2\/media\/34423"}],"wp:attachment":[{"href":"https:\/\/bucketoflove.de\/sl\/wp-json\/wp\/v2\/media?parent=35529"}],"wp:term":[{"taxonomy":"product_cat","embeddable":true,"href":"https:\/\/bucketoflove.de\/sl\/wp-json\/wp\/v2\/product_cat?post=35529"},{"taxonomy":"product_tag","embeddable":true,"href":"https:\/\/bucketoflove.de\/sl\/wp-json\/wp\/v2\/product_tag?post=35529"}],"curies":[{"name":"wp","href":"https:\/\/api.w.org\/{rel}","templated":true}]}}