{"id":36101,"date":"2022-11-09T23:20:27","date_gmt":"2022-11-09T22:20:27","guid":{"rendered":"https:\/\/bucketoflove.de\/?post_type=product&#038;p=36101"},"modified":"2023-03-19T20:13:15","modified_gmt":"2023-03-19T19:13:15","slug":"praznujemo-tebe","status":"publish","type":"product","link":"https:\/\/bucketoflove.de\/sl\/izdelek\/praznujemo-tebe\/","title":{"rendered":"Praznujemo Tebe"},"content":{"rendered":"<p>Darilni paket vsebuje:<\/p>\n<ul>\n<li>KLEN\u2019ART penina: 750 ml<\/li>\n<li>LINDT LINDOR praline: 15 komadov<\/li>\n<li>Preparirana vrtnica Bucket of Love v \u0161katli Hello Beautiful, premera 10 cm<\/li>\n<li>WoodWick sve\u010dka: 85 g<\/li>\n<li>Darilna \u0161katla La vie est Belle<\/li>\n<\/ul>\n<p>Minister za zdravje opozarja: Prekomerno pitje alkohola \u0161koduje zdravju!<\/p>\n<p>KLEN&#8217;ART BELA PENINA<br \/>\n&#8220;Dolgo zorenje v objemu kvasovk ob razpoznavni ne\u017enosti, modrega pinota odkriva sadnost in uglajenost penine.<\/p>\n<p>Elegantno,suho, pene\u010de vino, bistro rumene barve z zlatimi odtenki, z dobrim iskrenjem in persistentno peno. Prvi vonj je ne\u017een in zadr\u017ean, toda sve\u017e in saden, poln vtisov po hru\u0161ki in jabolku, v nadaljevanju pa zaznamo le\u0161nike in sve\u017ee mandlje, ter nekaj cvetli\u010dnih not in za\u010dimb v ozadju. Izrazit in neposreden ob\u010dutek v okusu. Harmoni\u010dno vino, zaokro\u017eeno in v telesu polno, z zaznavanjem zrelega sadja. Pookus je dolg in pu\u0161\u010da ob\u010dutek sve\u017eine.&#8221;<\/p>\n<p>\u0160VICARSKA \u010cOKOLADA LINDT<br \/>\nVe\u010d kot 150 let se Lindt &amp; Spr\u00fcngli odlo\u010dno dr\u017ei na\u010dela visoko cenjene kvalitete. Lindt &amp; Spr\u00fcngli naredita vse, kar je v njuni mo\u010di, da obd\u017eiza zaupanje njunih zvestih obo\u017eevalcev \u010dokolade. Znamka &#8220;LINDT&#8221; jam\u010di za \u010dokolado izdelano z najbolj\u0161o skrbjo iz najbolj\u0161ih sestavin in je znana za svojo izrazito mehkostjo, zna\u010dilen okus in prenovljen vonj.<\/p>\n<p>BUCKET OF LOVE VRTNICA<br \/>\nPreparirana vrtnica vrtnica v \u0161katli Hello Beautiful je del na\u0161e blagovne znamke Bucket of Love in bo zdr\u017eala ve\u010dno. Predstavljamo vam idejo, s katero boste o\u010darali in polep\u0161ali dan osebi kateri jo boste podarili. Vrtnice v \u0161katli prina\u0161ajo s seboj naslednji nivo estetike, kot \u010de bi bile samo v \u0161opku. V angle\u0161\u010dini \u0161katli vrtnic pravimo tudi Box of Flowers.<\/p>\n<p>WOODWICK DI\u0160E\u010cA SVE\u010cA Z LESENIM STENJEM<br \/>\n&#8220;Ta sve\u010da z zna\u010dilnim lesenim pokrovom bo di\u0161ala po va\u0161em domu in ga napolnila z mehkim zvokom prasketajo\u010dega stena, ki bo podpiral vzdu\u0161je udobja in prijetnosti. Ker je dom tam, kjer se ogenj razbije. Stenj je narejen iz naravnega lesa.<br \/>\nPatentirana oblika lesenega stena Pluswick \u00ae Innovation ustvarja pomirjujo\u010d zvok prasketajo\u010dega ognja. Edinstvena kri\u017ena oblika tega lesenega stena omogo\u010da do 5-krat hitrej\u0161e raztapljanje vo\u0161\u010denega ribnika kot klasi\u010dni bomba\u017eni stenj. Zato sobo hitro pre\u017eema s prijetnim vonjem. Ta patentirani stenj zagotavlja lepo in \u010disto izgorevanje brez saje na steklu. Daje mehak zvok prasketajo\u010dega ognja. Leseni pokrov slu\u017ei kot podlaga pod sve\u010do, ko gori, s \u010dimer \u0161\u010diti povr\u0161ino pohi\u0161tva.&#8221;<\/p>\n","protected":false},"excerpt":{"rendered":"<p>Darilni paket vsebuje: KLEN\u2019ART penina: 750 ml LINDT LINDOR praline: 15 komadov Preparirana vrtnica Bucket of Love v \u0161katli Hello Beautiful, premera 10 cm WoodWick sve\u010dka: 85 g Darilna \u0161katla La vie est Belle Minister za zdravje opozarja: Prekomerno pitje alkohola \u0161koduje zdravju! KLEN&#8217;ART BELA PENINA &#8220;Dolgo zorenje v objemu kvasovk ob razpoznavni ne\u017enosti, modrega [&#8230;]\n","protected":false},"featured_media":36006,"template":"","meta":[],"product_cat":[493,426,68,277,67],"product_tag":[],"_links":{"self":[{"href":"https:\/\/bucketoflove.de\/sl\/wp-json\/wp\/v2\/product\/36101"}],"collection":[{"href":"https:\/\/bucketoflove.de\/sl\/wp-json\/wp\/v2\/product"}],"about":[{"href":"https:\/\/bucketoflove.de\/sl\/wp-json\/wp\/v2\/types\/product"}],"wp:featuredmedia":[{"embeddable":true,"href":"https:\/\/bucketoflove.de\/sl\/wp-json\/wp\/v2\/media\/36006"}],"wp:attachment":[{"href":"https:\/\/bucketoflove.de\/sl\/wp-json\/wp\/v2\/media?parent=36101"}],"wp:term":[{"taxonomy":"product_cat","embeddable":true,"href":"https:\/\/bucketoflove.de\/sl\/wp-json\/wp\/v2\/product_cat?post=36101"},{"taxonomy":"product_tag","embeddable":true,"href":"https:\/\/bucketoflove.de\/sl\/wp-json\/wp\/v2\/product_tag?post=36101"}],"curies":[{"name":"wp","href":"https:\/\/api.w.org\/{rel}","templated":true}]}}