{"id":3803,"date":"2017-09-24T10:55:53","date_gmt":"2017-09-24T09:55:53","guid":{"rendered":"https:\/\/bucketoflove.rs\/product\/import-placeholder-for-1291\/"},"modified":"2024-02-07T22:45:03","modified_gmt":"2024-02-07T21:45:03","slug":"sopek-roza-vrtnic","status":"publish","type":"product","link":"https:\/\/bucketoflove.de\/sl\/izdelek\/sopek-roza-vrtnic\/","title":{"rendered":"\u0160opek roza vrtnic"},"content":{"rendered":"<h2><strong>Sve\u017ei \u0161opek<\/strong><\/h2>\n<ul>\n<li>Vedno izbiramo med sve\u017eim cvetjem, ki je na voljo, zato lahko barve in vrste cvetja odstopajo od fotografije izbranega \u0161opka.<\/li>\n<li>Vaza ni prilo\u017eena. Lahko jo naro\u010dite na <a href=\"https:\/\/bucketoflove.de\/sl\/izdelek\/steklena-vaza\/\">tej povezavi.<\/a><\/li>\n<\/ul>\n<p>Na\u0161e \u0161opke sestavlja le najlep\u0161e in najkakovostnej\u0161e cvetje, ki ga za vas pripravimo s skrbjo, ljubeznijo in pozornostjo. Vsak cvet je previdno in ro\u010dno vstavljen v sve\u017ei aran\u017ema, s \u010dimer zagotovimo \u010dudovito, prefinjeno in ljube\u010de darilo za va\u0161e najdra\u017eje, kjerkoli \u017ee so. Sve\u017ei \u0161opek je posebno sve\u017e in prikupen na\u010din, da se zahvalimo, opravi\u010dimo, spoprijateljimo ali celo zaljubimo. Tudi kot vo\u0161\u010dilo ali \u010destitka je idealen. Povzema najlep\u0161e \u017eelje, ob\u010dutke in sporo\u010dila v obliki sr\u010dnega jezika ro\u017e, hkrati pa odi\u0161avi in vnese \u017eivljenje v katerikoli prostor.<\/p>\n<p>Ena izmed prvotnih potreb vsakega \u010dloveka, kot pravi psihologija, je namre\u010d, da osre\u010di tiste, ki jih ima rad. Darila so za take geste sijajna. Ker ne gre le za nakup darila, ampak posluh, \u010darobnost, pozornost, da prisluhnemo tistemu, ki ga imamo radi, da ugotovimo, kaj si iskreno \u017eeli in \u010duti, \u010desa se resni\u010dno veseli. Zato vam bo ve\u010dina ljudi povedala, da se bolje po\u010dutijo, kadar kaj podarijo in ne samo prejmejo. Darila vzbujajo nasmehe in tople ob\u010dutke, skupaj z njimi pa vedno potujejo tudi objemi, poljubi in sr\u010dne besede, in ravno ti so tisti, ki delajo darila najvrednej\u0161a. S svojo ne\u017eno prisotnostjo nas spomnijo na pomembnost bli\u017eine in naklonjenosti.<\/p>\n<h2><strong>Navodila<\/strong><\/h2>\n<p>za dalj\u0161o sve\u017eino in obstojnost \u0161opka roza vrtnic.<\/p>\n<ol>\n<li>\u0160opek spodre\u017eite pribli\u017eno 1 cm.<\/li>\n<li>\u0160opek namestite v vodo s hranilom, ki ste ga prejeli skupaj s \u0161opkom.<\/li>\n<li>Vodo menjajte vsaka 2 dni.<\/li>\n<\/ol>\n<h2><strong>Dostava na dom<\/strong><\/h2>\n<p>Dostava po Sloveniji in tujini na katerikoli naslov!<\/p>\n<p>Zaradi tak\u0161nih ali druga\u010dnih okoli\u0161\u010din ne morete do najbli\u017eje cvetli\u010darne, pa bi radi dostavili darilo svoji izbranki ali svojemu izbrancu? Brez skrbi, na\u0161a cvetli\u010darna posluje tudi prek spleta, kjer si z lahkoto izberete izdelek iz na\u0161e \u0161iroke ponudbe ter zanj naro\u010dite dostavo. Poklanjanje pozornosti ljubljeni osebi bo tako \u0161e posebej enostavno, hitro in presenetljivo. Spletno naro\u010dilo vam bo prihranilo \u010das, najbolj popolno darilo boste lahko spro\u0161\u010deno izbrali v udobju doma, prejemnica ali prejemnik pa bo zagotovo presene\u010den_a ugotavljal_a, kdo je po\u0161iljatelj oziroma po\u0161iljateljica. \u0160opek na dom, v slu\u017ebo ali na drugo poljubno mesto je pika na i presene\u010denju, s katerim boste o\u010darali.<\/p>\n<h2><strong>Darila, cvetje in ostala ponudba<\/strong><\/h2>\n<p>Sve\u017ei <em>\u0160opek roza vrtnic<\/em>, kakovostni \u0161ampanjci, sladke ko\u0161arice, ro\u017ee v \u0161katli, darilne vrtnice v \u0161katli, najbolj iskane, klasi\u010dne rde\u010de vrtnice, zlate vrtnice, kot tudi 101 vrtnica so le en del na\u0161e ponudbe. Za ponudbo<em>\u00a0Bucket of Love<\/em>, pokukajte tudi\u00a0<a href=\"https:\/\/bucketoflove.eu\/\" target=\"_blank\" rel=\"noopener\">sem<\/a>.<\/p>\n<p>V na\u0161i\u00a0<a href=\"https:\/\/bucketoflove.de\/\">spletni cvetli\u010darni<\/a>\u00a0najdete najlep\u0161e cvetove, sve\u017ee in dolgotrajne (ve\u010dne, preparirane) vrtnice, razko\u0161ne pija\u010de, balone, ko\u0161are s sadjem, pli\u0161aste igra\u010de, darilne \u0161katle in \u0161e mnogo ve\u010d. Naj gre za razko\u0161na darila za \u017eenske ali razko\u0161na darila za mo\u0161ke, darilo za rojstni dan, darilo za obletnico, darilo za punco, darilo za fanta ali katerokoli praznovanje. Na\u0161i aran\u017emaji so, zahvaljujo\u010d luksuzni, elegantni embala\u017ei ter kakovostnemu cvetju vseh odtenkov in oblik, odli\u010dno darilo za obletnico, rojstni dan, valentinovo, dan \u017eena, materinski dan in druge prazni\u010dne prilo\u017enosti. Tudi \u0161opke izdelamo za vse prilo\u017enosti, po va\u0161em okusu in ideji. Prepri\u010dani smo, da lahko skupaj ustvarimo \u0161tevilne nepozabne in cveto\u010de trenutke.<\/p>\n<p>&nbsp;<\/p>\n","protected":false},"excerpt":{"rendered":"<p><span class=\"regularfont cmfproductdescfont\"><span id=\"productDetailBody_shortDescription_description\"><strong>Najbolj ne\u017ena<\/strong> od vseh vrtnic. Roza vrtnica <strong>zdru\u017euje prefinjenost in milino<\/strong>.<br \/>\n<\/span><\/span><span class=\"regularfont cmfproductdescfont\"><span id=\"productDetailBody_shortDescription_description\">Zaradi popolne lepote roza vrtnic bo ljubljena oseba ostala brez besed.<br \/>\n<\/span><\/span><span class=\"regularfont cmfproductdescfont\"><span id=\"productDetailBody_shortDescription_description\">Odli\u010dno darilo za drago prijateljico ali ljubezen v razcvetu.<br \/>\n<\/span><\/span><\/p>\n<p>&nbsp;<\/p>\n<p>Opomba: barva vrtnic je lahko roza ali fuksija, odvisno od razpolo\u017ejivosti. Z nakupom se strinjate, da cvetli\u010dar pripravi \u0161opek v barvi, ki je na razpolago.<\/p>\n<p>&nbsp;<\/p>\n<p>VO\u0160\u010cILO \/ besedilo, ki ga \u017eelite prilo\u017eiti, boste lahko vnesli ob koncu nakupa.<\/p>\n<p>INFORMACIJE o MO\u017dNOSTIH DOSTAVE preberite\u00a0<a href=\"https:\/\/bucketoflove.de\/?product_cat=informacije-o-dostavi\">tukaj.<\/a><\/p>\n<p><span class=\"regularfont cmfproductdescfont\">\u00a0<\/span><\/p>\n","protected":false},"featured_media":40537,"template":"","meta":[],"product_cat":[56,400,402,378,381,298,301,249],"product_tag":[],"_links":{"self":[{"href":"https:\/\/bucketoflove.de\/sl\/wp-json\/wp\/v2\/product\/3803"}],"collection":[{"href":"https:\/\/bucketoflove.de\/sl\/wp-json\/wp\/v2\/product"}],"about":[{"href":"https:\/\/bucketoflove.de\/sl\/wp-json\/wp\/v2\/types\/product"}],"wp:featuredmedia":[{"embeddable":true,"href":"https:\/\/bucketoflove.de\/sl\/wp-json\/wp\/v2\/media\/40537"}],"wp:attachment":[{"href":"https:\/\/bucketoflove.de\/sl\/wp-json\/wp\/v2\/media?parent=3803"}],"wp:term":[{"taxonomy":"product_cat","embeddable":true,"href":"https:\/\/bucketoflove.de\/sl\/wp-json\/wp\/v2\/product_cat?post=3803"},{"taxonomy":"product_tag","embeddable":true,"href":"https:\/\/bucketoflove.de\/sl\/wp-json\/wp\/v2\/product_tag?post=3803"}],"curies":[{"name":"wp","href":"https:\/\/api.w.org\/{rel}","templated":true}]}}