{"id":6821,"date":"2017-12-17T17:14:12","date_gmt":"2017-12-17T16:14:12","guid":{"rendered":"https:\/\/bucketoflove.de\/?post_type=product&#038;p=6821"},"modified":"2022-11-09T23:40:50","modified_gmt":"2022-11-09T22:40:50","slug":"prebujanja-brboncic","status":"publish","type":"product","link":"https:\/\/bucketoflove.de\/sl\/izdelek\/prebujanja-brboncic\/","title":{"rendered":"Prebujanja brbon\u010dic"},"content":{"rendered":"<ul>\n<li>Moet 0,2 L<\/li>\n<li>makroni<\/li>\n<li>praline<\/li>\n<li>\u017eele bonboni<\/li>\n<li>preparirane vrtnice<\/li>\n<li>\u0161katla Bucket of Love<\/li>\n<\/ul>\n<h3 class=\"accordion_title\">Dodatna navodila<\/h3><div class=\"accordion\">\n<div id=\"accordion-2167045120\" class=\"accordion-item\"><a id=\"accordion-2167045120-label\" href=\"#\" class=\"accordion-title plain\" aria-expanded=\"false\" aria-controls=\"accordion-2167045120-content\"><button class=\"toggle\" aria-label=\"Toggle\"><i class=\"icon-angle-down\"><\/i><\/button><span>Politika dostave \/ menjave<\/span><\/a><div id=\"accordion-2167045120-content\" class=\"accordion-inner\" aria-labelledby=\"accordion-2167045120-label\">\n<span style=\"font-weight: 400;\">Va\u0161e darilo bo dostavljeno na enega od dveh na\u010dinov in je odvisno od vsebine naro\u010dila:<\/span>\r\n<ol>\r\n \t<li><span style=\"font-weight: 400;\"> Strokovno aran\u017eira in dostavi lokalni cvetli\u010dar v bli\u017eini prejemnika darila. Dostava v istem dnevu je mogo\u010da, \u010de naro\u010dilo oddate do 16:00 ure, od ponedeljka do petka in do 10:00 ure ob sobotah. Dostava ob nedeljah je mogo\u010da po vnaprej\u0161njem dogovoru. <\/span><b>Bucket of Love aran\u017emaje ter darila<\/b><span style=\"font-weight: 400;\"> je potrebno naro\u010diti do 10:00 ure dopoldan za dostavo v vsa ve\u010dja mesta po Sloveniji in do 13:00 ure za dostavo v istem dnevu v Ljubljani.<\/span><\/li>\r\n \t<li><span style=\"font-weight: 400;\"> Sve\u017ee aran\u017emaje po\u0161ljemo v primerni \u0161katli s Hitro po\u0161to Slovenije, DPD, GLS, Prevoz.org ali City Express kurirsko slu\u017ebo. V manj\u0161a mesta in vasi je mo\u017ena dostava samo naslednji dan dopoldan; prosimo preverite dostavne \u010dase na spletni strani <\/span><a href=\"https:\/\/www.posta.si\/dostavni-casi\" target=\"_blank\" rel=\"noopener\"><span style=\"font-weight: 400;\">https:\/\/www.posta.si\/dostavni-casi<\/span><\/a><span style=\"font-weight: 400;\">).<\/span><\/li>\r\n<\/ol>\r\n<b>Politika menjave<\/b>\r\n\r\n<span style=\"font-weight: 400;\">Naredimo vse, kar je v na\u0161i mo\u010di, da zagotovimo dostavo izbranega izdelka takrat ko \u017eelite in tak\u0161nega kot je na sliki, vendar je v\u010dasih zaradi nerazpolo\u017eljivosti cvetja\/daril tudi pri dobavitelju, le to potrebno zamenjati. Vedite, da namenjamo vso pozornost temu, da zagotovimo darilo, ki je \u010dimbolj podobno naro\u010denemu in da je pravo\u010dasno dostavljeno.<\/span>\n<\/div><\/div>\n<div id=\"accordion-3209481289\" class=\"accordion-item\"><a id=\"accordion-3209481289-label\" href=\"#\" class=\"accordion-title plain\" aria-expanded=\"false\" aria-controls=\"accordion-3209481289-content\"><button class=\"toggle\" aria-label=\"Toggle\"><i class=\"icon-angle-down\"><\/i><\/button><span>Po\u0161ljite cvetje v TUJINO!<\/span><\/a><div id=\"accordion-3209481289-content\" class=\"accordion-inner\" aria-labelledby=\"accordion-3209481289-label\">\n<p style=\"text-align: left;\"><span style=\"font-weight: 400;\">Ve\u010d kot 7 let izku\u0161enj in sodelovanje z ve\u010d kot 54.000 cvetli\u010darji iz vsega sveta nam omogo\u010da, da za vas uspe\u0161no in v kratkem \u010dasu uredimo dostavo cvetja v katerikoli dr\u017eavi sveta. Z lokalnimi cvetli\u010darji uredimo dostavo cvetja kjerkoli si za\u017eelite. Naj bo to rojstni dan v Ameriki, poro\u010dno slavje v Angliji, so\u017ealno cvetje za nekoga na Kitajskem,... Nina in Valentin zagotavljata da bo va\u0161e naro\u010dilo prispelo na \u017eeljeni naslov. Lokalni cvetli\u010darji dostavijo va\u0161e naro\u010dilo z ob\u010dutkom in nasmehom!<\/span><\/p>\r\n&nbsp;\r\n<p style=\"text-align: left;\"><span style=\"font-weight: 400;\">Ali imate posebno \u017eeljo? Sploh ni problema! Lahko nas pokli\u010dete na\u00a0<\/span><a href=\"about:blank\"><span style=\"font-weight: 400;\">051 452 452<\/span><\/a><span style=\"font-weight: 400;\">\u00a0ali\u00a0<\/span><a href=\"mailto:nina@ninainvalentin.si\"><span style=\"font-weight: 400;\">nina@ninainvalentin.si<\/span><\/a><span style=\"font-weight: 400;\">\u00a0in se bomo potrudili, da nekoga presenetite tudi na drugem koncu sveta.<\/span><\/p>\n<\/div><\/div>\n<\/div>\n","protected":false},"excerpt":{"rendered":"<p>Polep\u0161ajte ji dan. Naj se razvaja s \u0161ampanjcem, cvetjem in sladkor\u010dki&#8230;<\/p>\n","protected":false},"featured_media":6772,"template":"","meta":[],"product_cat":[67,493,426,298,68,277,61,249],"product_tag":[],"_links":{"self":[{"href":"https:\/\/bucketoflove.de\/sl\/wp-json\/wp\/v2\/product\/6821"}],"collection":[{"href":"https:\/\/bucketoflove.de\/sl\/wp-json\/wp\/v2\/product"}],"about":[{"href":"https:\/\/bucketoflove.de\/sl\/wp-json\/wp\/v2\/types\/product"}],"wp:featuredmedia":[{"embeddable":true,"href":"https:\/\/bucketoflove.de\/sl\/wp-json\/wp\/v2\/media\/6772"}],"wp:attachment":[{"href":"https:\/\/bucketoflove.de\/sl\/wp-json\/wp\/v2\/media?parent=6821"}],"wp:term":[{"taxonomy":"product_cat","embeddable":true,"href":"https:\/\/bucketoflove.de\/sl\/wp-json\/wp\/v2\/product_cat?post=6821"},{"taxonomy":"product_tag","embeddable":true,"href":"https:\/\/bucketoflove.de\/sl\/wp-json\/wp\/v2\/product_tag?post=6821"}],"curies":[{"name":"wp","href":"https:\/\/api.w.org\/{rel}","templated":true}]}}