{"id":9704,"date":"2019-02-08T22:39:25","date_gmt":"2019-02-08T21:39:25","guid":{"rendered":"https:\/\/bucketoflove.de\/?post_type=product&#038;p=9704"},"modified":"2023-09-17T16:36:08","modified_gmt":"2023-09-17T15:36:08","slug":"najlepsi-poklon-sveze-vrtnice","status":"publish","type":"product","link":"https:\/\/bucketoflove.de\/sl\/izdelek\/najlepsi-poklon-sveze-vrtnice\/","title":{"rendered":"Najlep\u0161i poklon (sve\u017ee vrtnice)"},"content":{"rendered":"<p><strong>Prosimo upo\u0161tevajte slede\u010da navodila za dalj\u0161o obstojnost aran\u017emaja:<\/strong><\/p>\n<ul>\n<li>Na sredino Bucket of Love vlijte nekaj vode vsak drugi dan (ne po cvetovih), da se goba navla\u017ei.<\/li>\n<li>Bucket of Love hranite na temperaturi med 18\u00b0C in 22\u00b0C.<\/li>\n<li>Aran\u017ema naj ne bo izpostavljen direktni son\u010dni svetlobi, delujo\u010dim grelnim in klimatskim napravam.<\/li>\n<li>Vrtnice so ob\u010dutljive, zato z njimi ravnajte ne\u017eno.<\/li>\n<\/ul>\n","protected":false},"excerpt":{"rendered":"<p>Aran\u017ema na sliki vsebuje pribli\u017eno 15 sve\u017eih vrtnic najbolj\u0161e kvalitete, ki bodo razveselile vam drago osebo.<\/p>\n<p>Ro\u010dno izdelana \u0161katla Bucket of Love premera 16 cm. Izbirajte med razli\u010dnimi velikostmi in pustite nepozaben vtis.<\/p>\n","protected":false},"featured_media":9699,"template":"","meta":[],"product_cat":[378,461,400,402,298,301,136,145,321,155,249],"product_tag":[],"_links":{"self":[{"href":"https:\/\/bucketoflove.de\/sl\/wp-json\/wp\/v2\/product\/9704"}],"collection":[{"href":"https:\/\/bucketoflove.de\/sl\/wp-json\/wp\/v2\/product"}],"about":[{"href":"https:\/\/bucketoflove.de\/sl\/wp-json\/wp\/v2\/types\/product"}],"wp:featuredmedia":[{"embeddable":true,"href":"https:\/\/bucketoflove.de\/sl\/wp-json\/wp\/v2\/media\/9699"}],"wp:attachment":[{"href":"https:\/\/bucketoflove.de\/sl\/wp-json\/wp\/v2\/media?parent=9704"}],"wp:term":[{"taxonomy":"product_cat","embeddable":true,"href":"https:\/\/bucketoflove.de\/sl\/wp-json\/wp\/v2\/product_cat?post=9704"},{"taxonomy":"product_tag","embeddable":true,"href":"https:\/\/bucketoflove.de\/sl\/wp-json\/wp\/v2\/product_tag?post=9704"}],"curies":[{"name":"wp","href":"https:\/\/api.w.org\/{rel}","templated":true}]}}